{"id":108,"date":"2024-06-07T10:19:15","date_gmt":"2024-06-07T09:19:15","guid":{"rendered":"https:\/\/stillessprechen.ch\/?page_id=108"},"modified":"2025-12-26T18:02:49","modified_gmt":"2025-12-26T17:02:49","slug":"makro-mikro","status":"publish","type":"page","link":"https:\/\/stillessprechen.ch\/?page_id=108","title":{"rendered":"Makrofotografie"},"content":{"rendered":"\n<p>Kleine Dinge ganz gross, oder nah, n\u00e4her, am n\u00e4chsten. Eine eigene ganz faszinierende Welt, die trotz digitaler M\u00f6glichkeiten analoges Wissen erfordert  und der modernen Technologie ihre Grenzen aufzeigt. Hier spielt die Ausr\u00fcstung bzw. die Technik eine gr\u00f6ssere Rolle, als in der &#8217;normalen&#8216; Fotografie.<\/p>\n\n\n\n<p>Eine genaue Definition was eine Nah- , Makro- oder Mikroaufnahme ist, gibt es meines Wissens nicht. Die magische Grenze ist f\u00fcr mich der Abbildungsmassstab 1:1, ab hier wird es wirklich komplex und aufw\u00e4ndig, d. h. wenn ein Objekt auf dem Kamera-Sensor gleich gross oder gr\u00f6sser abgebildet wird als es ist.<\/p>\n\n\n\n<p><\/p>\n\n\n\n<p>Es krabelt und kreucht &#8230;<\/p>\n\n\n\n<figure class=\"wp-block-gallery has-nested-images columns-2 is-cropped wp-block-gallery-1 is-layout-flex wp-block-gallery-is-layout-flex\">\n<figure class=\"wp-block-image size-large\"><img loading=\"lazy\" decoding=\"async\" width=\"1024\" height=\"683\" data-id=\"66\" src=\"https:\/\/stillessprechen.ch\/wp\/wp-content\/uploads\/2024\/06\/G78_0284-1024x683.jpg\" alt=\"\" class=\"wp-image-66\" srcset=\"https:\/\/stillessprechen.ch\/wp\/wp-content\/uploads\/2024\/06\/G78_0284-1024x683.jpg 1024w, https:\/\/stillessprechen.ch\/wp\/wp-content\/uploads\/2024\/06\/G78_0284-300x200.jpg 300w, https:\/\/stillessprechen.ch\/wp\/wp-content\/uploads\/2024\/06\/G78_0284-768x512.jpg 768w, https:\/\/stillessprechen.ch\/wp\/wp-content\/uploads\/2024\/06\/G78_0284-1536x1024.jpg 1536w, https:\/\/stillessprechen.ch\/wp\/wp-content\/uploads\/2024\/06\/G78_0284-2048x1365.jpg 2048w\" sizes=\"auto, (max-width: 1024px) 100vw, 1024px\" \/><\/figure>\n\n\n\n<figure class=\"wp-block-image size-large\"><img loading=\"lazy\" decoding=\"async\" width=\"1024\" height=\"681\" data-id=\"183\" src=\"https:\/\/stillessprechen.ch\/wp\/wp-content\/uploads\/2024\/06\/DSC_0036_p9-1024x681.png\" alt=\"Grille\" class=\"wp-image-183\" srcset=\"https:\/\/stillessprechen.ch\/wp\/wp-content\/uploads\/2024\/06\/DSC_0036_p9-1024x681.png 1024w, https:\/\/stillessprechen.ch\/wp\/wp-content\/uploads\/2024\/06\/DSC_0036_p9-300x200.png 300w, https:\/\/stillessprechen.ch\/wp\/wp-content\/uploads\/2024\/06\/DSC_0036_p9-768x511.png 768w, https:\/\/stillessprechen.ch\/wp\/wp-content\/uploads\/2024\/06\/DSC_0036_p9-1536x1021.png 1536w, https:\/\/stillessprechen.ch\/wp\/wp-content\/uploads\/2024\/06\/DSC_0036_p9-650x432.png 650w, https:\/\/stillessprechen.ch\/wp\/wp-content\/uploads\/2024\/06\/DSC_0036_p9-272x182.png 272w, https:\/\/stillessprechen.ch\/wp\/wp-content\/uploads\/2024\/06\/DSC_0036_p9.png 1600w\" sizes=\"auto, (max-width: 1024px) 100vw, 1024px\" \/><figcaption class=\"wp-element-caption\">Grille an Rosenstrauch<\/figcaption><\/figure>\n\n\n\n<figure class=\"wp-block-image size-large\"><img loading=\"lazy\" decoding=\"async\" width=\"1024\" height=\"681\" data-id=\"77\" src=\"https:\/\/stillessprechen.ch\/wp\/wp-content\/uploads\/2024\/06\/DSC_0020-1024x681.png\" alt=\"\" class=\"wp-image-77\" srcset=\"https:\/\/stillessprechen.ch\/wp\/wp-content\/uploads\/2024\/06\/DSC_0020-1024x681.png 1024w, https:\/\/stillessprechen.ch\/wp\/wp-content\/uploads\/2024\/06\/DSC_0020-300x199.png 300w, https:\/\/stillessprechen.ch\/wp\/wp-content\/uploads\/2024\/06\/DSC_0020-768x511.png 768w, https:\/\/stillessprechen.ch\/wp\/wp-content\/uploads\/2024\/06\/DSC_0020-1536x1021.png 1536w, https:\/\/stillessprechen.ch\/wp\/wp-content\/uploads\/2024\/06\/DSC_0020-2048x1362.png 2048w\" sizes=\"auto, (max-width: 1024px) 100vw, 1024px\" \/><\/figure>\n\n\n\n<figure class=\"wp-block-image size-large\"><img decoding=\"async\" data-id=\"64\" src=\"https:\/\/stillessprechen.ch\/wp\/wp-content\/uploads\/2024\/06\/Kreuzspinne_Stacking-1.jpg\" alt=\"\" class=\"wp-image-64\"\/><figcaption class=\"wp-element-caption\">Focusstacking<\/figcaption><\/figure>\n<\/figure>\n\n\n\n<div class=\"wp-block-uagb-image uagb-block-17668b94 wp-block-uagb-image--layout-default wp-block-uagb-image--effect-static wp-block-uagb-image--align-none\"><figure class=\"wp-block-uagb-image__figure\"><img decoding=\"async\" srcset=\"https:\/\/stillessprechen.ch\/wp\/wp-content\/uploads\/2024\/06\/Fliege_Analog-scaled.jpg ,https:\/\/stillessprechen.ch\/wp\/wp-content\/uploads\/2024\/06\/Fliege_Analog-scaled.jpg 780w, https:\/\/stillessprechen.ch\/wp\/wp-content\/uploads\/2024\/06\/Fliege_Analog-scaled.jpg 360w\" sizes=\"auto, (max-width: 480px) 150px\" src=\"https:\/\/stillessprechen.ch\/wp\/wp-content\/uploads\/2024\/06\/Fliege_Analog-scaled.jpg\" alt=\"Fliege mit Traube\" class=\"uag-image-75\" width=\"2560\" height=\"1707\" title=\"Fliege mit Traubenbeere\" loading=\"lazy\" role=\"img\"\/><\/figure><\/div>\n","protected":false},"excerpt":{"rendered":"<p>Kleine Dinge ganz gross, oder nah, n\u00e4her, am n\u00e4chsten. Eine eigene ganz faszinierende Welt, die trotz digitaler M\u00f6glichkeiten analoges Wissen erfordert und der modernen Technologie ihre Grenzen aufzeigt. Hier spielt die Ausr\u00fcstung bzw. die Technik eine gr\u00f6ssere Rolle, als in der &#8217;normalen&#8216; Fotografie. Eine genaue Definition was eine Nah- , Makro- oder Mikroaufnahme ist, gibt [&hellip;]<\/p>\n","protected":false},"author":1,"featured_media":0,"parent":0,"menu_order":0,"comment_status":"closed","ping_status":"closed","template":"","meta":{"pgc_sgb_lightbox_settings":"","footnotes":""},"class_list":["post-108","page","type-page","status-publish","hentry","post"],"_links":{"self":[{"href":"https:\/\/stillessprechen.ch\/index.php?rest_route=\/wp\/v2\/pages\/108","targetHints":{"allow":["GET"]}}],"collection":[{"href":"https:\/\/stillessprechen.ch\/index.php?rest_route=\/wp\/v2\/pages"}],"about":[{"href":"https:\/\/stillessprechen.ch\/index.php?rest_route=\/wp\/v2\/types\/page"}],"author":[{"embeddable":true,"href":"https:\/\/stillessprechen.ch\/index.php?rest_route=\/wp\/v2\/users\/1"}],"replies":[{"embeddable":true,"href":"https:\/\/stillessprechen.ch\/index.php?rest_route=%2Fwp%2Fv2%2Fcomments&post=108"}],"version-history":[{"count":4,"href":"https:\/\/stillessprechen.ch\/index.php?rest_route=\/wp\/v2\/pages\/108\/revisions"}],"predecessor-version":[{"id":454,"href":"https:\/\/stillessprechen.ch\/index.php?rest_route=\/wp\/v2\/pages\/108\/revisions\/454"}],"wp:attachment":[{"href":"https:\/\/stillessprechen.ch\/index.php?rest_route=%2Fwp%2Fv2%2Fmedia&parent=108"}],"curies":[{"name":"wp","href":"https:\/\/api.w.org\/{rel}","templated":true}]}}