{"id":402,"date":"2025-01-05T13:42:32","date_gmt":"2025-01-05T12:42:32","guid":{"rendered":"https:\/\/stillessprechen.ch\/?page_id=402"},"modified":"2026-02-07T21:01:36","modified_gmt":"2026-02-07T20:01:36","slug":"allgemein-impressum","status":"publish","type":"page","link":"https:\/\/stillessprechen.ch\/?page_id=402","title":{"rendered":"Allgemein &#8211; Impressum"},"content":{"rendered":"\n<p>Digital fotografieren, heute &#171;state of the art&#187;, mit modernen Objektiven knackscharf von vorne bis hinten \u00fcber den gesamten Bildbereich. Bautechnische optische Verzerrungen werden automatisch korrigiert. Mit Autofokus erreicht man nie dagewesene Geschwindigkeiten beim Fotografieren. Sofortige Ansichten der Bilder, keine Filmwechsel mehr und unendlich viele M\u00f6glichkeiten der Bildbearbeitung. Die Vollautomatik nimmt uns die Entscheidung ab, bez\u00fcglich Blende, Belichtungszeit, Empfindlichkeit und vieles mehr. Draufhalten, knipsen, fertig &#8211; theoretisch&#8230;.<\/p>\n\n\n\n<h2 class=\"wp-block-heading\">Meine Anf\u00e4nge<\/h2>\n\n\n\n<p>Zu Anfang war ich unterwegs mit der alten 6 x 7 Falt-Kompaktkamera meines Vaters und einer billigen Agfa Optima. Sp\u00e4ter auf Reisen hatte ich eine Minolta Weathermatic, die mir gute Dienste erwiesen hat.  Die Faltkamera hatte mich aber auf den Geschack gebracht. <\/p>\n\n\n\n<p>Sp\u00e4ter hatte ich die Gelegenheit g\u00fcnstig eine ALPA-Ausr\u00fcstung zu ergattern. Eine ALPA 10d mit 3 Top-Objektiven. Meine Diaposive brachte ich mit einem Durst-Verg\u00f6sserer auf Papier. Ich wurde ein engagierter Amateur-Fotograf, der auch ein paar Fotowettbewerbe erfolgreich bestritt. Mit Balgenger\u00e4t und Umkehrring entdeckte ich die Makrofotografie. Dann wurde mir die ganze Ausr\u00fcstung in Spanien geklaut und ich machte jahrelang nichts mehr. Mitte der 2000er stieg ich wieder ein in die Fotografie mit meiner ersten digitalen Kamera, einer Nikon D70s und sp\u00e4ter mit einer D7000.<\/p>\n\n\n\n<p>Meine Ausr\u00fcstung heute ist eine Nikon D780, mit der ich auch wieder etwas engagierter unterwegs bin. Ich habe sie aus mehreren Gr\u00fcnden einer Kamera aus dem Z-System vorgezogen. Sie ist eine Art Hybrid-Kamera, eine Spiegelreflex mit hervoragender Bildqualit\u00e4t und eine spiegellose Kamera mit den Eigenschaften einer Z6, die letzte ihrer Art.<\/p>\n\n\n\n<p>Daneben habe ich noch eine Sony A7RII, die ich f\u00fcr die Adaption meiner Vintage Objektive brauche.<\/p>\n\n\n\n<h2 class=\"wp-block-heading\">Die Vintage Welt<\/h2>\n\n\n\n<p>Vintage-Fotografie bedeutet, Farb-, Schwarzweiss- oder Farbfilme mit einer analogen Kamera zu verwenden. <br>Retro bedeutet, mit modernen Mitteln den alten Stil nachzuamen.<\/p>\n\n\n\n<p>In der modernen Fotografie ist eine Mischform mittlerweilen trendy. Vintage-Objektive auf moderne Digitalkameras zu adaptiern und den Look, den diese alten Objektive erzeugen digital einzufangen. Das ist im Gegensatz zur echten Vintage Fotografie sehr viel einfacher und ein fantastischer Kompromiss. Moderne mit alter Technik zu mischen funktioniert sehr gut und bedeutet sehr viel weniger Aufwand. Objektive von alten Analog-Kameras haben ganz andere optische Eigenschaften. Sie sind nicht knackscharf, vor allem nicht \u00fcber den gesamten Bildbereich, haben andere Farbeigenschaften und wirken viel weicher in der Abbildung. Gesch\u00e4tzt wird auch das sogenannte Bokeh, dem Unsch\u00e4rfebereich, mit dem sich, ja nach Objektiv, wunderbar experimentieren l\u00e4sst.<\/p>\n\n\n\n<p>Mit manuellem Fokus und Blendenwahl sowie Festbrennweite muss man sich zwangsl\u00e4ufig mit der Bildkomposition auseinandersetzen. Es braucht ein gewisses Mass an Planung oder \u00dcberlegungen was man wie ablichten m\u00f6chte. Das braucht Zeit und Geduld. Optisch ist der Unterschied vor allem bei einer offenen Blende zu sehen. Die Bilder sind weicher, die Sch\u00e4rfe f\u00e4llt zum Rand hin ab und die Objektive haben oft eine sichtbare Vignettierung.&nbsp;Einige Objektive neigen zudem zu starker chromatischer Aberrationen. Diese \u00abCR\u00bb und andere Unzul\u00e4nglichkeiten kann in der modernen Bildbearbeitung zwar korrigiert werden, aber ich finde, das ist nicht der Sinn beim Einsatz von Vintage-Objektiven.<\/p>\n\n\n\n<p>Ich habe mir eine kleine Sammlung zugelegt, mit Objektiven, die ich auf eine Sony Alpha 7RM2 adaptiere. Es ist ein stetiges Experimentieren, welches wann und wie am besten eingesetzt werden kann. Meine Favoriten bisher sind:<\/p>\n\n\n\n<ul class=\"wp-block-list\">\n<li>Ashai SMC Takumar 28 mm 1:3.5<\/li>\n\n\n\n<li>Minolta MC Rokor-PG 50 mm 1:1.4<\/li>\n\n\n\n<li>Leica Macro Elmarit-R 60 mm 1:2.8<\/li>\n\n\n\n<li>Auto Tamron 135 mm 1:2.8 und Auto-Alpa MC 135 mm 1:2.8<\/li>\n\n\n\n<li>Leica Elmarit-R 180 mm 1:2.8<\/li>\n\n\n\n<li>Helios MC 44M-4 2\/58<\/li>\n\n\n\n<li>Vivitar Serie 1 Vario 35-85 1:2.8<\/li>\n<\/ul>\n\n\n\n<p>Sowie folgende speziellen Objektive:<\/p>\n\n\n\n<ul class=\"wp-block-list\">\n<li>Angenieux Macro Zoom 2 x 35 1:2.5<\/li>\n\n\n\n<li>Meyer-G\u00f6rlitz Trioplan 100 mm 1:2.8, ca. 70 Jahre alt!<\/li>\n<\/ul>\n\n\n\n<h2 class=\"wp-block-heading\">Mittelformat<\/h2>\n\n\n\n<p>Hinzugekommen sind noch eine <strong>Mamiya 645 Afd<\/strong> aus dem Jahr 2001 mit diversen AF-Objektiven die ich vorwiegend f\u00fcr Landschaften einsetze. Allerdings fotografiere ich nicht mit Rollfilm, sondern mit einem DM22 Digital-R\u00fccken (1999) mit CCD-Sensor und 22 MP, 48 x 36 mm-Sensor (crop-Faktor 1.1) und 16-Bit\/Kanal-RAW-Dateien . Die Bilder sind \u00fcberw\u00e4ltigend gut und brauchen den Vergleich mit modernen Kameras nicht zu scheuen. Die Schwierigkeit ist eine Software zu finden die dieses spezielle Format lesen kann. Mit CaptureOne funktioniert das hervorragend.<\/p>\n\n\n\n<p>Als neuste Errungenschaft habe ich noch eine top erhaltene Mamiya RB67 Pro SD aus dem Jahr 1990. Das ist Photo-Yoga pur. Alles manuell, keine Elektronik, kein Belichtungsmesser, kein Schnickschnak &#8211; robust wie ein Panzer, gross und schwer. Das Spannen des Verschlusses und das geklacke beim Abdr\u00fccken ist schon ein Elebnis f\u00fcr sich. Der Blick durch den hellen klaren Sucher ist eine Freude. Die Vorbereitung, bis das Bild im Kasten ist ben\u00f6tigt Zeit und es braucht vorher eine klare Vorstellung was man eigenlich wie aufnehmen will. <\/p>\n","protected":false},"excerpt":{"rendered":"<p>Digital fotografieren, heute &#171;state of the art&#187;, mit modernen Objektiven knackscharf von vorne bis hinten \u00fcber den gesamten Bildbereich. Bautechnische optische Verzerrungen werden automatisch korrigiert. Mit Autofokus erreicht man nie dagewesene Geschwindigkeiten beim Fotografieren. Sofortige Ansichten der Bilder, keine Filmwechsel mehr und unendlich viele M\u00f6glichkeiten der Bildbearbeitung. Die Vollautomatik nimmt uns die Entscheidung ab, bez\u00fcglich [&hellip;]<\/p>\n","protected":false},"author":1,"featured_media":0,"parent":0,"menu_order":0,"comment_status":"closed","ping_status":"closed","template":"","meta":{"pgc_sgb_lightbox_settings":"","footnotes":""},"class_list":["post-402","page","type-page","status-publish","hentry","post"],"_links":{"self":[{"href":"https:\/\/stillessprechen.ch\/index.php?rest_route=\/wp\/v2\/pages\/402","targetHints":{"allow":["GET"]}}],"collection":[{"href":"https:\/\/stillessprechen.ch\/index.php?rest_route=\/wp\/v2\/pages"}],"about":[{"href":"https:\/\/stillessprechen.ch\/index.php?rest_route=\/wp\/v2\/types\/page"}],"author":[{"embeddable":true,"href":"https:\/\/stillessprechen.ch\/index.php?rest_route=\/wp\/v2\/users\/1"}],"replies":[{"embeddable":true,"href":"https:\/\/stillessprechen.ch\/index.php?rest_route=%2Fwp%2Fv2%2Fcomments&post=402"}],"version-history":[{"count":8,"href":"https:\/\/stillessprechen.ch\/index.php?rest_route=\/wp\/v2\/pages\/402\/revisions"}],"predecessor-version":[{"id":463,"href":"https:\/\/stillessprechen.ch\/index.php?rest_route=\/wp\/v2\/pages\/402\/revisions\/463"}],"wp:attachment":[{"href":"https:\/\/stillessprechen.ch\/index.php?rest_route=%2Fwp%2Fv2%2Fmedia&parent=402"}],"curies":[{"name":"wp","href":"https:\/\/api.w.org\/{rel}","templated":true}]}}