{"id":6,"date":"2024-02-02T10:12:02","date_gmt":"2024-02-02T09:12:02","guid":{"rendered":"https:\/\/stillessprechen.ch\/?page_id=6"},"modified":"2025-01-03T12:00:15","modified_gmt":"2025-01-03T11:00:15","slug":"datenschutzerklaerung","status":"publish","type":"page","link":"https:\/\/stillessprechen.ch\/?page_id=6","title":{"rendered":"Datenschutzerkl\u00e4rung"},"content":{"rendered":"\n<h2 class=\"wp-block-heading\">Wer ich bin<\/h2>\n\n\n\n<p>Die Adresse dieser Website ist: https:\/\/stillessprechen.ch<\/p>\n\n\n\n<p>Diese Webseite wurde mit WordPress erstellt und enth\u00e4llt die demenstprechend relevanten Datenschutzerkl\u00e4rungen.<\/p>\n\n\n\n<h2 class=\"wp-block-heading\">Kommentare<\/h2>\n\n\n\n<p>Sofern aktiviert werden Besucher Kommentare auf der Website, wie folgt gespeichert: Die Kommentare, die IP-Adresse des Besuchers:in und den User-Agent-String (Browser identifikation), um die Erkennung von Spam zu unterst\u00fctzen.<\/p>\n\n\n\n<p>Aus der E-Mail-Adresse kann eine anonymisierte Zeichenfolge erstellt (Hash) und dem Gravatar-Dienst \u00fcbergeben werden, um zu pr\u00fcfen, ob er benutzt wird. Die Datenschutzerkl\u00e4rung des Gravatar-Dienstes findest du hier: https:\/\/automattic.com\/privacy\/. Nachdem der Kommentar freigegeben wurde, ist das Profilbild \u00f6ffentlich im Kontext deines Kommentars sichtbar.<\/p>\n\n\n\n<h2 class=\"wp-block-heading\">Medien<\/h2>\n\n\n\n<p>Wer als registrierter Benutzer Fotos auf diese Website l\u00e4dt, sollte vermeiden, Fotos mit einem EXIF-GPS-Standort hochzuladen. Besucher dieser Website k\u00f6nnten sonst Fotos, die auf dieser Website gespeichert sind, herunterladen und deren Standort-Informationen extrahieren.<\/p>\n\n\n\n<h2 class=\"wp-block-heading\">Cookies<\/h2>\n\n\n\n<p>Sofern akvtiviert werden bei einem Kommentar auf dieser Website der Name, E-Mail-Adresse und Website in Cookies gespeichert. Dies ist eine Komfortfunktion, damit nicht, bei einem weiteren Kommentar, all diese Daten erneut eingeben werden m\u00fcssen. Diese Cookies werden ein Jahr lang gespeichert.<\/p>\n\n\n\n<p>Bei einer Anmeldung auf dieser Website, wird ein tempor\u00e4res Cookie gestzt, um festzustellen, ob der Browser Cookies akzeptiert. Dieses Cookie enth\u00e4lt keine personenbezogenen Daten und wird verworfen, wenn der Browser geschlossen wird.<\/p>\n\n\n\n<p>Ebenso werden einige Cookies eingerichtet, um die Anmeldeinformationen und Anzeigeoptionen zu speichern. Anmelde-Cookies verfallen nach zwei Tagen und Cookies f\u00fcr die Anzeigeoptionen nach einem Jahr. Falls bei der Anmeldung \u00abAngemeldet bleiben\u00bb ausgew\u00e4hlt ist, wird die Anmeldung zwei Wochen lang aufrechterhalten. Mit der Abmeldung aus dem Konto werden die Anmelde-Cookies gel\u00f6scht.<\/p>\n\n\n\n<p>Beim Bearbeiten eines Artikels oder Ver\u00f6ffentlichung, wird ein zus\u00e4tzlicher Cookie im Browser gespeichert. Dieser Cookie enth\u00e4lt keine personenbezogenen Daten und verweist nur auf die Beitrags-ID des Artikels, der gerade bearbeitet wurde. Der Cookie verf\u00e4llt nach einem Tag.<\/p>\n\n\n\n<h2 class=\"wp-block-heading\">Eingebettete Inhalte von anderen Websites<\/h2>\n\n\n\n<p>Beitr\u00e4ge auf dieser Website k\u00f6nnen eingebettete Inhalte beinhalten (z.\u00a0B. Videos, Bilder, Beitr\u00e4ge etc.). Eingebettete Inhalte von anderen Websites verhalten sich exakt so, als ob der Besucher die andere Website besucht h\u00e4tte.<\/p>\n\n\n\n<p>Diese externen Websites k\u00f6nnen Daten sammeln, Cookies benutzen, zus\u00e4tzliche Tracking-Dienste von Dritten einbetten und Interaktion mit diesem eingebetteten Inhalt aufzeichnen, inklusive der Interaktion mit dem eingebetteten Inhalt, f\u00fcr jede:n  der:die auf dieser Website angemeldet ist.<\/p>\n\n\n\n<h2 class=\"wp-block-heading\">Mit wem werden gesammelte Daten geteilt<\/h2>\n\n\n\n<p>Bei einer Beantragung zur Zur\u00fccksetzung des Passworts , wird die IP-Adresse in der E-Mail zur Zur\u00fccksetzung enthalten sein.<\/p>\n\n\n\n<h2 class=\"wp-block-heading\">Wie lange werden Daten gespeichert<\/h2>\n\n\n\n<p>Beim Schreiben eines Kommentars , wird dieser inklusive Metadaten zeitlich unbegrenzt gespeichert. Auf diese Art k\u00f6nnen Folgekommentare automatisch erkannt und freigeben werden, anstatt sie in einer Moderations-Warteschlange festzuhalten.<\/p>\n\n\n\n<p>F\u00fcr Benutzer:innen, die sich auf dieser Website registrieren, werden zus\u00e4tzlich die pers\u00f6nlichen Informationen der Benutzerprofile gespeichert. Alle Benutzer:innen k\u00f6nnen jederzeit ihre pers\u00f6nlichen Informationen einsehen, ver\u00e4ndern oder l\u00f6schen (der Benutzername kann nicht ver\u00e4ndert werden). Administratoren der Website k\u00f6nnen diese Informationen ebenfalls einsehen und ver\u00e4ndern.<\/p>\n\n\n\n<h2 class=\"wp-block-heading\">Pers\u00f6nliche Rechte an den Daten <\/h2>\n\n\n\n<p>Wer ein Konto auf dieser Website besitzt oder Kommentare geschrieben hat, kann einen Export dere personenbezogenen Daten anfordern, inklusive aller Daten, die uns mitgeteilt wurden. Dar\u00fcber hinaus kann die L\u00f6schung aller personenbezogenen Daten, die gespeichert sind, angefordert werden. Dies umfasst nicht die Daten, die aufgrund administrativer, rechtlicher oder sicherheitsrelevanter Notwendigkeiten aufbewahrt werden m\u00fcssen.<\/p>\n\n\n\n<h2 class=\"wp-block-heading\">Wohin werden Daten gesendet<\/h2>\n\n\n\n<p>Besucher-Kommentare k\u00f6nnten von einem automatisierten Dienst zur Spam-Erkennung untersucht werden.<\/p>\n","protected":false},"excerpt":{"rendered":"<p>Wer ich bin Die Adresse dieser Website ist: https:\/\/stillessprechen.ch Diese Webseite wurde mit WordPress erstellt und enth\u00e4llt die demenstprechend relevanten Datenschutzerkl\u00e4rungen. Kommentare Sofern aktiviert werden Besucher Kommentare auf der Website, wie folgt gespeichert: Die Kommentare, die IP-Adresse des Besuchers:in und den User-Agent-String (Browser identifikation), um die Erkennung von Spam zu unterst\u00fctzen. Aus der E-Mail-Adresse kann [&hellip;]<\/p>\n","protected":false},"author":1,"featured_media":0,"parent":0,"menu_order":0,"comment_status":"closed","ping_status":"closed","template":"","meta":{"pgc_sgb_lightbox_settings":"","footnotes":""},"class_list":["post-6","page","type-page","status-publish","hentry","post"],"_links":{"self":[{"href":"https:\/\/stillessprechen.ch\/index.php?rest_route=\/wp\/v2\/pages\/6","targetHints":{"allow":["GET"]}}],"collection":[{"href":"https:\/\/stillessprechen.ch\/index.php?rest_route=\/wp\/v2\/pages"}],"about":[{"href":"https:\/\/stillessprechen.ch\/index.php?rest_route=\/wp\/v2\/types\/page"}],"author":[{"embeddable":true,"href":"https:\/\/stillessprechen.ch\/index.php?rest_route=\/wp\/v2\/users\/1"}],"replies":[{"embeddable":true,"href":"https:\/\/stillessprechen.ch\/index.php?rest_route=%2Fwp%2Fv2%2Fcomments&post=6"}],"version-history":[{"count":3,"href":"https:\/\/stillessprechen.ch\/index.php?rest_route=\/wp\/v2\/pages\/6\/revisions"}],"predecessor-version":[{"id":363,"href":"https:\/\/stillessprechen.ch\/index.php?rest_route=\/wp\/v2\/pages\/6\/revisions\/363"}],"wp:attachment":[{"href":"https:\/\/stillessprechen.ch\/index.php?rest_route=%2Fwp%2Fv2%2Fmedia&parent=6"}],"curies":[{"name":"wp","href":"https:\/\/api.w.org\/{rel}","templated":true}]}}